{"id":1852,"date":"2021-04-12T19:44:32","date_gmt":"2021-04-12T19:44:32","guid":{"rendered":"https:\/\/riso.hu\/?page_id=1852"},"modified":"2021-04-12T19:44:32","modified_gmt":"2021-04-12T19:44:32","slug":"mobile-menu","status":"publish","type":"page","link":"https:\/\/riso.hu\/en\/mobile-menu\/","title":{"rendered":"Mobile menu"},"content":{"rendered":"","protected":false},"excerpt":{"rendered":"","protected":false},"author":2,"featured_media":0,"parent":0,"menu_order":0,"comment_status":"closed","ping_status":"closed","template":"page-template-mobil-etlap.php","meta":{"_acf_changed":false,"footnotes":""},"class_list":["post-1852","page","type-page","status-publish","hentry"],"acf":[],"yoast_head":"<!-- This site is optimized with the Yoast SEO plugin v26.7 - https:\/\/yoast.com\/wordpress\/plugins\/seo\/ -->\n<title>Mobile menu - Riso Ristorante &amp; Terrace<\/title>\n<meta name=\"robots\" content=\"index, follow, max-snippet:-1, max-image-preview:large, max-video-preview:-1\" \/>\n<link rel=\"canonical\" href=\"https:\/\/riso.hu\/en\/mobile-menu\/\" \/>\n<meta property=\"og:locale\" content=\"en_US\" \/>\n<meta property=\"og:type\" content=\"article\" \/>\n<meta property=\"og:title\" content=\"Mobile menu - Riso Ristorante &amp; Terrace\" \/>\n<meta property=\"og:url\" content=\"https:\/\/riso.hu\/en\/mobile-menu\/\" \/>\n<meta property=\"og:site_name\" content=\"Riso Ristorante &amp; Terrace\" \/>\n<meta name=\"twitter:card\" content=\"summary_large_image\" \/>\n<script type=\"application\/ld+json\" class=\"yoast-schema-graph\">{\"@context\":\"https:\/\/schema.org\",\"@graph\":[{\"@type\":\"WebPage\",\"@id\":\"https:\/\/riso.hu\/en\/mobile-menu\/\",\"url\":\"https:\/\/riso.hu\/en\/mobile-menu\/\",\"name\":\"Mobile menu - Riso Ristorante &amp; Terrace\",\"isPartOf\":{\"@id\":\"https:\/\/riso.hu\/#website\"},\"datePublished\":\"2021-04-12T19:44:32+00:00\",\"breadcrumb\":{\"@id\":\"https:\/\/riso.hu\/en\/mobile-menu\/#breadcrumb\"},\"inLanguage\":\"en-US\",\"potentialAction\":[{\"@type\":\"ReadAction\",\"target\":[\"https:\/\/riso.hu\/en\/mobile-menu\/\"]}]},{\"@type\":\"BreadcrumbList\",\"@id\":\"https:\/\/riso.hu\/en\/mobile-menu\/#breadcrumb\",\"itemListElement\":[{\"@type\":\"ListItem\",\"position\":1,\"name\":\"Home\",\"item\":\"https:\/\/riso.hu\/en\/\"},{\"@type\":\"ListItem\",\"position\":2,\"name\":\"Mobile menu\"}]},{\"@type\":\"WebSite\",\"@id\":\"https:\/\/riso.hu\/#website\",\"url\":\"https:\/\/riso.hu\/\",\"name\":\"Riso Ristorante &amp; Terrace\",\"description\":\"Kulin\u00e1ris kikapcsol\u00f3d\u00e1s a Budai v\u00e1r t\u00f6v\u00e9ben\",\"potentialAction\":[{\"@type\":\"SearchAction\",\"target\":{\"@type\":\"EntryPoint\",\"urlTemplate\":\"https:\/\/riso.hu\/?s={search_term_string}\"},\"query-input\":{\"@type\":\"PropertyValueSpecification\",\"valueRequired\":true,\"valueName\":\"search_term_string\"}}],\"inLanguage\":\"en-US\"}]}<\/script>\n<!-- \/ Yoast SEO plugin. -->","yoast_head_json":{"title":"Mobile menu - Riso Ristorante &amp; Terrace","robots":{"index":"index","follow":"follow","max-snippet":"max-snippet:-1","max-image-preview":"max-image-preview:large","max-video-preview":"max-video-preview:-1"},"canonical":"https:\/\/riso.hu\/en\/mobile-menu\/","og_locale":"en_US","og_type":"article","og_title":"Mobile menu - Riso Ristorante &amp; Terrace","og_url":"https:\/\/riso.hu\/en\/mobile-menu\/","og_site_name":"Riso Ristorante &amp; Terrace","twitter_card":"summary_large_image","schema":{"@context":"https:\/\/schema.org","@graph":[{"@type":"WebPage","@id":"https:\/\/riso.hu\/en\/mobile-menu\/","url":"https:\/\/riso.hu\/en\/mobile-menu\/","name":"Mobile menu - Riso Ristorante &amp; Terrace","isPartOf":{"@id":"https:\/\/riso.hu\/#website"},"datePublished":"2021-04-12T19:44:32+00:00","breadcrumb":{"@id":"https:\/\/riso.hu\/en\/mobile-menu\/#breadcrumb"},"inLanguage":"en-US","potentialAction":[{"@type":"ReadAction","target":["https:\/\/riso.hu\/en\/mobile-menu\/"]}]},{"@type":"BreadcrumbList","@id":"https:\/\/riso.hu\/en\/mobile-menu\/#breadcrumb","itemListElement":[{"@type":"ListItem","position":1,"name":"Home","item":"https:\/\/riso.hu\/en\/"},{"@type":"ListItem","position":2,"name":"Mobile menu"}]},{"@type":"WebSite","@id":"https:\/\/riso.hu\/#website","url":"https:\/\/riso.hu\/","name":"Riso Ristorante &amp; Terrace","description":"Kulin\u00e1ris kikapcsol\u00f3d\u00e1s a Budai v\u00e1r t\u00f6v\u00e9ben","potentialAction":[{"@type":"SearchAction","target":{"@type":"EntryPoint","urlTemplate":"https:\/\/riso.hu\/?s={search_term_string}"},"query-input":{"@type":"PropertyValueSpecification","valueRequired":true,"valueName":"search_term_string"}}],"inLanguage":"en-US"}]}},"_links":{"self":[{"href":"https:\/\/riso.hu\/en\/wp-json\/wp\/v2\/pages\/1852","targetHints":{"allow":["GET"]}}],"collection":[{"href":"https:\/\/riso.hu\/en\/wp-json\/wp\/v2\/pages"}],"about":[{"href":"https:\/\/riso.hu\/en\/wp-json\/wp\/v2\/types\/page"}],"author":[{"embeddable":true,"href":"https:\/\/riso.hu\/en\/wp-json\/wp\/v2\/users\/2"}],"replies":[{"embeddable":true,"href":"https:\/\/riso.hu\/en\/wp-json\/wp\/v2\/comments?post=1852"}],"version-history":[{"count":1,"href":"https:\/\/riso.hu\/en\/wp-json\/wp\/v2\/pages\/1852\/revisions"}],"predecessor-version":[{"id":1853,"href":"https:\/\/riso.hu\/en\/wp-json\/wp\/v2\/pages\/1852\/revisions\/1853"}],"wp:attachment":[{"href":"https:\/\/riso.hu\/en\/wp-json\/wp\/v2\/media?parent=1852"}],"curies":[{"name":"wp","href":"https:\/\/api.w.org\/{rel}","templated":true}]}}