{"id":895,"date":"2018-04-19T21:36:01","date_gmt":"2018-04-19T21:36:01","guid":{"rendered":"http:\/\/riso.hu\/eloetelek\/"},"modified":"2022-09-13T21:47:01","modified_gmt":"2022-09-13T21:47:01","slug":"eloetelek","status":"publish","type":"page","link":"https:\/\/riso.hu\/en\/menu\/eloetelek\/","title":{"rendered":"Starters"},"content":{"rendered":"","protected":false},"excerpt":{"rendered":"","protected":false},"author":1,"featured_media":0,"parent":899,"menu_order":0,"comment_status":"closed","ping_status":"closed","template":"template-etlap.php","meta":{"_acf_changed":false,"footnotes":""},"class_list":["post-895","page","type-page","status-publish","hentry"],"acf":[],"yoast_head":"<!-- This site is optimized with the Yoast SEO plugin v26.7 - https:\/\/yoast.com\/wordpress\/plugins\/seo\/ -->\n<title>Starters - Riso Ristorante &amp; Terrace<\/title>\n<meta name=\"description\" content=\"El\u0151\u00e9teleink - Riso Ristorante &amp; Terrace\" \/>\n<meta name=\"robots\" content=\"index, follow, max-snippet:-1, max-image-preview:large, max-video-preview:-1\" \/>\n<link rel=\"canonical\" href=\"https:\/\/riso.hu\/en\/menu\/eloetelek\/\" \/>\n<meta property=\"og:locale\" content=\"en_US\" \/>\n<meta property=\"og:type\" content=\"article\" \/>\n<meta property=\"og:title\" content=\"Starters - Riso Ristorante &amp; Terrace\" \/>\n<meta property=\"og:description\" content=\"El\u0151\u00e9teleink - Riso Ristorante &amp; Terrace\" \/>\n<meta property=\"og:url\" content=\"https:\/\/riso.hu\/en\/menu\/eloetelek\/\" \/>\n<meta property=\"og:site_name\" content=\"Riso Ristorante &amp; Terrace\" \/>\n<meta property=\"article:modified_time\" content=\"2022-09-13T21:47:01+00:00\" \/>\n<meta name=\"twitter:card\" content=\"summary_large_image\" \/>\n<script type=\"application\/ld+json\" class=\"yoast-schema-graph\">{\"@context\":\"https:\/\/schema.org\",\"@graph\":[{\"@type\":\"WebPage\",\"@id\":\"https:\/\/riso.hu\/en\/menu\/eloetelek\/\",\"url\":\"https:\/\/riso.hu\/en\/menu\/eloetelek\/\",\"name\":\"Starters - Riso Ristorante &amp; Terrace\",\"isPartOf\":{\"@id\":\"https:\/\/riso.hu\/#website\"},\"datePublished\":\"2018-04-19T21:36:01+00:00\",\"dateModified\":\"2022-09-13T21:47:01+00:00\",\"description\":\"El\u0151\u00e9teleink - Riso Ristorante & Terrace\",\"breadcrumb\":{\"@id\":\"https:\/\/riso.hu\/en\/menu\/eloetelek\/#breadcrumb\"},\"inLanguage\":\"en-US\",\"potentialAction\":[{\"@type\":\"ReadAction\",\"target\":[\"https:\/\/riso.hu\/en\/menu\/eloetelek\/\"]}]},{\"@type\":\"BreadcrumbList\",\"@id\":\"https:\/\/riso.hu\/en\/menu\/eloetelek\/#breadcrumb\",\"itemListElement\":[{\"@type\":\"ListItem\",\"position\":1,\"name\":\"Home\",\"item\":\"https:\/\/riso.hu\/en\/\"},{\"@type\":\"ListItem\",\"position\":2,\"name\":\"Menu\",\"item\":\"https:\/\/riso.hu\/en\/menu\/\"},{\"@type\":\"ListItem\",\"position\":3,\"name\":\"Starters\"}]},{\"@type\":\"WebSite\",\"@id\":\"https:\/\/riso.hu\/#website\",\"url\":\"https:\/\/riso.hu\/\",\"name\":\"Riso Ristorante &amp; Terrace\",\"description\":\"Kulin\u00e1ris kikapcsol\u00f3d\u00e1s a Budai v\u00e1r t\u00f6v\u00e9ben\",\"potentialAction\":[{\"@type\":\"SearchAction\",\"target\":{\"@type\":\"EntryPoint\",\"urlTemplate\":\"https:\/\/riso.hu\/?s={search_term_string}\"},\"query-input\":{\"@type\":\"PropertyValueSpecification\",\"valueRequired\":true,\"valueName\":\"search_term_string\"}}],\"inLanguage\":\"en-US\"}]}<\/script>\n<!-- \/ Yoast SEO plugin. -->","yoast_head_json":{"title":"Starters - Riso Ristorante &amp; Terrace","description":"El\u0151\u00e9teleink - Riso Ristorante & Terrace","robots":{"index":"index","follow":"follow","max-snippet":"max-snippet:-1","max-image-preview":"max-image-preview:large","max-video-preview":"max-video-preview:-1"},"canonical":"https:\/\/riso.hu\/en\/menu\/eloetelek\/","og_locale":"en_US","og_type":"article","og_title":"Starters - Riso Ristorante &amp; Terrace","og_description":"El\u0151\u00e9teleink - Riso Ristorante & Terrace","og_url":"https:\/\/riso.hu\/en\/menu\/eloetelek\/","og_site_name":"Riso Ristorante &amp; Terrace","article_modified_time":"2022-09-13T21:47:01+00:00","twitter_card":"summary_large_image","schema":{"@context":"https:\/\/schema.org","@graph":[{"@type":"WebPage","@id":"https:\/\/riso.hu\/en\/menu\/eloetelek\/","url":"https:\/\/riso.hu\/en\/menu\/eloetelek\/","name":"Starters - Riso Ristorante &amp; Terrace","isPartOf":{"@id":"https:\/\/riso.hu\/#website"},"datePublished":"2018-04-19T21:36:01+00:00","dateModified":"2022-09-13T21:47:01+00:00","description":"El\u0151\u00e9teleink - Riso Ristorante & Terrace","breadcrumb":{"@id":"https:\/\/riso.hu\/en\/menu\/eloetelek\/#breadcrumb"},"inLanguage":"en-US","potentialAction":[{"@type":"ReadAction","target":["https:\/\/riso.hu\/en\/menu\/eloetelek\/"]}]},{"@type":"BreadcrumbList","@id":"https:\/\/riso.hu\/en\/menu\/eloetelek\/#breadcrumb","itemListElement":[{"@type":"ListItem","position":1,"name":"Home","item":"https:\/\/riso.hu\/en\/"},{"@type":"ListItem","position":2,"name":"Menu","item":"https:\/\/riso.hu\/en\/menu\/"},{"@type":"ListItem","position":3,"name":"Starters"}]},{"@type":"WebSite","@id":"https:\/\/riso.hu\/#website","url":"https:\/\/riso.hu\/","name":"Riso Ristorante &amp; Terrace","description":"Kulin\u00e1ris kikapcsol\u00f3d\u00e1s a Budai v\u00e1r t\u00f6v\u00e9ben","potentialAction":[{"@type":"SearchAction","target":{"@type":"EntryPoint","urlTemplate":"https:\/\/riso.hu\/?s={search_term_string}"},"query-input":{"@type":"PropertyValueSpecification","valueRequired":true,"valueName":"search_term_string"}}],"inLanguage":"en-US"}]}},"_links":{"self":[{"href":"https:\/\/riso.hu\/en\/wp-json\/wp\/v2\/pages\/895","targetHints":{"allow":["GET"]}}],"collection":[{"href":"https:\/\/riso.hu\/en\/wp-json\/wp\/v2\/pages"}],"about":[{"href":"https:\/\/riso.hu\/en\/wp-json\/wp\/v2\/types\/page"}],"author":[{"embeddable":true,"href":"https:\/\/riso.hu\/en\/wp-json\/wp\/v2\/users\/1"}],"replies":[{"embeddable":true,"href":"https:\/\/riso.hu\/en\/wp-json\/wp\/v2\/comments?post=895"}],"version-history":[{"count":24,"href":"https:\/\/riso.hu\/en\/wp-json\/wp\/v2\/pages\/895\/revisions"}],"predecessor-version":[{"id":7723,"href":"https:\/\/riso.hu\/en\/wp-json\/wp\/v2\/pages\/895\/revisions\/7723"}],"up":[{"embeddable":true,"href":"https:\/\/riso.hu\/en\/wp-json\/wp\/v2\/pages\/899"}],"wp:attachment":[{"href":"https:\/\/riso.hu\/en\/wp-json\/wp\/v2\/media?parent=895"}],"curies":[{"name":"wp","href":"https:\/\/api.w.org\/{rel}","templated":true}]}}